{"id":6,"date":"2021-06-21T13:14:12","date_gmt":"2021-06-21T13:14:12","guid":{"rendered":"https:\/\/lic.de\/?page_id=6"},"modified":"2021-06-29T09:43:05","modified_gmt":"2021-06-29T09:43:05","slug":"about","status":"publish","type":"page","link":"https:\/\/lic.de\/?page_id=6","title":{"rendered":"about LIC"},"content":{"rendered":"\n<div class=\"wp-block-cover alignwide has-background-dim\"><img loading=\"lazy\" decoding=\"async\" width=\"683\" height=\"1024\" class=\"wp-block-cover__image-background wp-image-59\" alt=\"\" src=\"https:\/\/lic.de\/wp-content\/uploads\/2021\/06\/21507_22378_parallels_tisch_bank_009-683x1024.jpg\" data-object-fit=\"cover\" srcset=\"https:\/\/lic.de\/wp-content\/uploads\/2021\/06\/21507_22378_parallels_tisch_bank_009-683x1024.jpg 683w, https:\/\/lic.de\/wp-content\/uploads\/2021\/06\/21507_22378_parallels_tisch_bank_009-200x300.jpg 200w, https:\/\/lic.de\/wp-content\/uploads\/2021\/06\/21507_22378_parallels_tisch_bank_009-768x1152.jpg 768w, https:\/\/lic.de\/wp-content\/uploads\/2021\/06\/21507_22378_parallels_tisch_bank_009-1024x1536.jpg 1024w, https:\/\/lic.de\/wp-content\/uploads\/2021\/06\/21507_22378_parallels_tisch_bank_009-1365x2048.jpg 1365w, https:\/\/lic.de\/wp-content\/uploads\/2021\/06\/21507_22378_parallels_tisch_bank_009-1568x2352.jpg 1568w, https:\/\/lic.de\/wp-content\/uploads\/2021\/06\/21507_22378_parallels_tisch_bank_009-scaled.jpg 1707w\" sizes=\"auto, (max-width: 683px) 100vw, 683px\" \/><div class=\"wp-block-cover__inner-container is-layout-flow wp-block-cover-is-layout-flow\">\n<h1 class=\"alignwide has-text-align-left wp-block-heading\"><strong>WIR SIND LIC<\/strong><\/h1>\n\n\n\n<h2 class=\"wp-block-heading\">&#8222;Wir leben f\u00fcr gutes Design, handwerkliche Exzellenz und nachhaltige, hochwertige Materialien. Wir sind Ihr Partner f\u00fcr exklusive Einrichtung f\u00fcr Gastronomie, Objekt, Haus und Garten&#8220;<\/h2>\n<\/div><\/div>\n\n\n\n<hr class=\"wp-block-separator\"\/>\n\n\n\n<p class=\"has-drop-cap has-text-align-left\" style=\"line-height:1.5\">Sprechen Sie mit uns \u00fcber Ihre W\u00fcnsche, Vorstellungen und Ideen. Wir sprechen Ihre Sprache und verstehen Ihre Anforderungen. Wir versorgen Sie mit hochwertigen Produkten aus der LIC Kollektion, dem breiten Angebot unserer Partner, f\u00fcr die Bereiche Holz und Stahl, und wir fertigen auf Wunsch alles was Sie sich w\u00fcnschen, vom Einzelst\u00fcck, \u00fcber die Kleinserie, bis hin zu gro\u00dfen St\u00fcckzahlen. Nehmen Sie einfach Kontakt mit uns auf. Wir freuen uns auf Ihre Anfrage.<\/p>\n\n\n\n<hr class=\"wp-block-separator\"\/>\n\n\n\n<div class=\"wp-block-columns alignwide is-layout-flex wp-container-core-columns-is-layout-9d6595d7 wp-block-columns-is-layout-flex\">\n<div class=\"wp-block-column is-layout-flow wp-block-column-is-layout-flow\">\n<p class=\"has-text-align-right\">HALLO@LIC.DE MAIL<br>+49-221-643 079-66 FON<br>+49-221-643 079-99 FAX<\/p>\n<\/div>\n\n\n\n<div class=\"wp-block-column is-layout-flow wp-block-column-is-layout-flow\">\n<p class=\"has-text-align-left\">STERNENGASSE 7<br>50676 KOELN<br>GERMANY<\/p>\n<\/div>\n<\/div>\n\n\n\n<p><\/p>\n","protected":false},"excerpt":{"rendered":"<p>Sprechen Sie mit uns \u00fcber Ihre W\u00fcnsche, Vorstellungen und Ideen. Wir sprechen Ihre Sprache und verstehen Ihre Anforderungen. Wir versorgen Sie mit hochwertigen Produkten aus der LIC Kollektion, dem breiten Angebot unserer Partner, f\u00fcr die Bereiche Holz und Stahl, und wir fertigen auf Wunsch alles was Sie sich w\u00fcnschen, vom Einzelst\u00fcck, \u00fcber die Kleinserie, bis&hellip;&nbsp;<\/p>\n","protected":false},"author":1,"featured_media":0,"parent":0,"menu_order":0,"comment_status":"closed","ping_status":"closed","template":"","meta":{"neve_meta_sidebar":"","neve_meta_container":"","neve_meta_enable_content_width":"","neve_meta_content_width":0,"neve_meta_title_alignment":"","neve_meta_author_avatar":"","neve_post_elements_order":"","neve_meta_disable_header":"","neve_meta_disable_footer":"","neve_meta_disable_title":"","footnotes":""},"class_list":["post-6","page","type-page","status-publish","hentry"],"_links":{"self":[{"href":"https:\/\/lic.de\/index.php?rest_route=\/wp\/v2\/pages\/6","targetHints":{"allow":["GET"]}}],"collection":[{"href":"https:\/\/lic.de\/index.php?rest_route=\/wp\/v2\/pages"}],"about":[{"href":"https:\/\/lic.de\/index.php?rest_route=\/wp\/v2\/types\/page"}],"author":[{"embeddable":true,"href":"https:\/\/lic.de\/index.php?rest_route=\/wp\/v2\/users\/1"}],"replies":[{"embeddable":true,"href":"https:\/\/lic.de\/index.php?rest_route=%2Fwp%2Fv2%2Fcomments&post=6"}],"version-history":[{"count":13,"href":"https:\/\/lic.de\/index.php?rest_route=\/wp\/v2\/pages\/6\/revisions"}],"predecessor-version":[{"id":301,"href":"https:\/\/lic.de\/index.php?rest_route=\/wp\/v2\/pages\/6\/revisions\/301"}],"wp:attachment":[{"href":"https:\/\/lic.de\/index.php?rest_route=%2Fwp%2Fv2%2Fmedia&parent=6"}],"curies":[{"name":"wp","href":"https:\/\/api.w.org\/{rel}","templated":true}]}}